{"id":66,"date":"2020-06-30T18:02:20","date_gmt":"2020-06-30T18:02:20","guid":{"rendered":"https:\/\/www.vincentiuantonescu.ro\/?page_id=66"},"modified":"2020-09-12T09:05:51","modified_gmt":"2020-09-12T09:05:51","slug":"consiliere-vocationala","status":"publish","type":"page","link":"https:\/\/vincentiuantonescu.ro\/index.php\/consiliere-vocationala\/","title":{"rendered":"Consiliere Voca\u021bional\u0103"},"content":{"rendered":"\n<p class=\"has-text-align-center\"><strong><em><span class=\"has-inline-color has-vivid-cyan-blue-color\">\u201eAlege\u021bi un loc de munc\u0103 care v\u0103 place \u0219i nu va trebui s\u0103 lucra\u021bi o alt\u0103 zi \u00een via\u021ba voastr\u0103 !\u201d Confucius<\/span><\/em><\/strong><\/p>\n\n\n\n<p>Consilierea Voca\u021bional\u0103 este o solu\u021bie destinat\u0103 persoanelor care doresc s\u0103 \u00ee\u0219i defineasc\u0103 o carier\u0103, s\u0103 urmeze sau s\u0103 creasc\u0103 claritatea obiectivelor lor profesionale, studen\u021bi \u00een etapa de definire a unor cursuri care vor urma s\u0103 studieze la universitate sau colegiu tehnic sau de c\u0103tre persoane care nu au \u00eenc\u0103 sunt mul\u021bumi\u021bi de alegerea lor.Etapa timpurie a carierei \u00een care alegerea unei profesii devine esen\u021bial\u0103, Consilierea Voca\u021bional\u0103 este cea mai potrivit\u0103 alegere \u00een cazul profesioni\u0219tilor care solicit\u0103 sfaturi pentru introducerea sau \u00eenlocuirea pe pia\u021ba locului de munc\u0103, Consilierul Voca\u021bional lucreaz\u0103 cu strategii \u0219i are op\u021biuni profesionale, te preg\u0103te\u0219te pentru oportunit\u0103\u021bi, care pot include preg\u0103tirea sau revizuirea CV-urilor, instruirea pentru interviuri de angajare, inclusiv \u00een englez\u0103 , \u00eendrum\u0103ri pentru a c\u0103uta oportunit\u0103\u021bi profesionale. De asemenea, te poate ghida \u00een faza de pensionare, c\u00e2nd TU cau\u021bi \u0219i ai vrea s\u0103 g\u0103se\u0219ti alte op\u021biuni pentru a-\u021bi aplica experien\u021ba, cuno\u0219tin\u021bele, darurile naturale \u0219i abilit\u0103\u021bile.<\/p>\n\n\n\n<h2 class=\"has-text-align-center wp-block-heading\"><strong><span class=\"has-inline-color has-vivid-red-color\">Descoper\u0103 cariera potrivit\u0103 pentru tine ! <\/span><\/strong><\/h2>\n\n\n\n<p>Op\u021biunile de angajare pe pia\u021ba locurilor de munc\u0103 sunt \u00een continu\u0103 cre\u0219tere \u0219i schimbare. Cunoa\u0219terea de sine \u0219i cunoa\u0219terea profesiilor \u0219i a cursurilor cu modific\u0103rile \u00eenso\u021bitoare pe pia\u021ba muncii sunt fundamentale pentru o alegere corect\u0103. <\/p>\n\n\n\n<h3 class=\"has-text-align-center wp-block-heading\"><strong><span class=\"has-inline-color has-vivid-red-color\">Evit\u0103 renun\u021barea la cursuri \u0219i investe\u0219te \u00een cariera potrivit\u0103 pentru tine ! <\/span><\/strong><\/h3>\n\n\n\n<h4 class=\"has-text-align-center wp-block-heading\"><strong><span class=\"has-inline-color has-vivid-red-color\">Descoper\u0103-\u021bi pasiunea, talentele \u0219i planifica\u021bi-v\u0103 cariera !<\/span><\/strong><\/h4>\n\n\n\n<h4 class=\"has-text-align-center wp-block-heading\"><strong>Identific\u0103 \u0219i lucreaz\u0103 \u00een func\u021bie de talentele, interesele, valorile, viziunea \u0219i misiunea TA ! <\/strong><\/h4>\n\n\n\n<p>Prin programul personalizat de antrenare profesional\u0103 AvidanCoaching, TU \u00ee\u021bi vei dezvolt\u0103 autocunoa\u0219terea, identific\u00e2nd interese, talente, puncte forte, abilit\u0103\u021bi individuale, poten\u021bial de dezvoltare, motiva\u021bii, valori, viziune, misiune, dezvolt\u0103 cuno\u0219tin\u021be mai mari despre op\u021biunile profesionale, posibilit\u0103\u021bile, pozitive \u0219i negative ale profesiei pentru a face alegerea corect\u0103.<\/p>\n\n\n\n<p><\/p>\n\n\n\n<p><strong>RECONVERSIE PROFESIONAL\u0102<\/strong><\/p>\n\n\n\n<p>Descoper\u0103-\u021bi talentul unic, calea ta, valorile tale de carier\u0103! Planific\u0103-te \u0219i mergi mai departe \u00een cariera ta! Da, ai un scop \u0219i talent! Te ajut s\u0103 g\u0103se\u0219ti \u0219i s\u0103 \u00ee\u021bi faci planul t\u0103u de ac\u021biune !   <\/p>\n\n\n\n<div class=\"wp-block-group alignwide\"><div class=\"wp-block-group__inner-container is-layout-flow wp-block-group-is-layout-flow\">\n<p class=\"has-text-align-center\"><span class=\"has-inline-color has-vivid-red-color\"><strong>Identific\u0103 \u0219i lucreaz\u0103 \u00een func\u021bie de talentele, interesele, valorile, viziunea \u0219i misiunea TA ! <\/strong><\/span><\/p>\n<\/div><\/div>\n\n\n\n<p class=\"has-text-align-center\">Alege \u0219i investe\u0219te doar \u00een cariera care \u021bi se potrive\u0219te ! Deblocheaz\u0103 \u0219i dezvolta-\u021bi poten\u021bialul \u0219i ob\u021bine rezultate extraordinare ! <\/p>\n\n\n\n<p class=\"has-text-align-center\"><span class=\"has-inline-color has-vivid-red-color\"><strong>Vei tr\u0103i \u0219i lucra cu pasiune \u0219i scop. Succesul va veni ca o recompens\u0103 ! <\/strong><\/span><\/p>\n\n\n\n<p class=\"has-text-align-center\"><strong><span class=\"has-inline-color has-vivid-red-color\">Vrei s\u0103 beneficiezi de consiliere voca\u021bional\u0103 \u0219i s\u0103 te reg\u0103se\u0219ti \u00een noua ta profesie ? Sun\u0103 la num\u0103rul de telefon din antet !<\/span><\/strong><\/p>\n","protected":false},"excerpt":{"rendered":"<p>\u201eAlege\u021bi un loc de munc\u0103 care v\u0103 place \u0219i nu va trebui s\u0103 lucra\u021bi o alt\u0103 zi \u00een via\u021ba voastr\u0103 &hellip;<br \/><a href=\"https:\/\/vincentiuantonescu.ro\/index.php\/consiliere-vocationala\/\" class=\"more-link pen_button pen_element_default pen_icon_arrow_double\">Continu\u0103 lectura <span class=\"screen-reader-text\">Consiliere Voca\u021bional\u0103<\/span><\/a><\/p>\n","protected":false},"author":1,"featured_media":0,"parent":0,"menu_order":0,"comment_status":"closed","ping_status":"closed","template":"","meta":{"_bbp_topic_count":0,"_bbp_reply_count":0,"_bbp_total_topic_count":0,"_bbp_total_reply_count":0,"_bbp_voice_count":0,"_bbp_anonymous_reply_count":0,"_bbp_topic_count_hidden":0,"_bbp_reply_count_hidden":0,"_bbp_forum_subforum_count":0,"footnotes":""},"class_list":["post-66","page","type-page","status-publish","hentry"],"_links":{"self":[{"href":"https:\/\/vincentiuantonescu.ro\/index.php\/wp-json\/wp\/v2\/pages\/66","targetHints":{"allow":["GET"]}}],"collection":[{"href":"https:\/\/vincentiuantonescu.ro\/index.php\/wp-json\/wp\/v2\/pages"}],"about":[{"href":"https:\/\/vincentiuantonescu.ro\/index.php\/wp-json\/wp\/v2\/types\/page"}],"author":[{"embeddable":true,"href":"https:\/\/vincentiuantonescu.ro\/index.php\/wp-json\/wp\/v2\/users\/1"}],"replies":[{"embeddable":true,"href":"https:\/\/vincentiuantonescu.ro\/index.php\/wp-json\/wp\/v2\/comments?post=66"}],"version-history":[{"count":34,"href":"https:\/\/vincentiuantonescu.ro\/index.php\/wp-json\/wp\/v2\/pages\/66\/revisions"}],"predecessor-version":[{"id":443,"href":"https:\/\/vincentiuantonescu.ro\/index.php\/wp-json\/wp\/v2\/pages\/66\/revisions\/443"}],"wp:attachment":[{"href":"https:\/\/vincentiuantonescu.ro\/index.php\/wp-json\/wp\/v2\/media?parent=66"}],"curies":[{"name":"wp","href":"https:\/\/api.w.org\/{rel}","templated":true}]}}