{"id":61,"date":"2020-06-30T18:01:18","date_gmt":"2020-06-30T18:01:18","guid":{"rendered":"https:\/\/www.vincentiuantonescu.ro\/?page_id=61"},"modified":"2023-03-22T08:42:25","modified_gmt":"2023-03-22T08:42:25","slug":"consiliere-personala","status":"publish","type":"page","link":"https:\/\/vincentiuantonescu.ro\/index.php\/consiliere-personala\/","title":{"rendered":"Coaching"},"content":{"rendered":"\n<p>Coachingul personal este un proces de dezvoltare uman\u0103 personalizat care are ca scop atingerea obiectivelor individuale specifice de via\u021b\u0103 ale clientului, prin metodologia \u0219tiin\u021bific\u0103, instrumentele \u0219i tehnicile realizate de un profesionist calificat (Coach) \u00een parteneriat cu clientul. (cel consiliat). Este un proces dinamic de gestionare a propriei vie\u021bi pentru a crea viitorul pe care \u0219i-l dore\u0219te. Te \u00eencurajeaz\u0103 s\u0103 dep\u0103\u0219e\u0219ti limitele pentru a-\u021bi realiza poten\u021bialul maxim \u0219i a fi autorul propriei vie\u021bi. Coachul consider\u0103 individualitatea unic\u0103 a fiec\u0103rei fiin\u021be umane, motiva\u021biile, visele, credin\u021bele, valorile, viziunea \u0219i misiunea lor, identificate \u00een acest proces. Coachul sprijin\u0103 clientul \u00een clarificarea obiectivului, \u00een strategia de ob\u021binere a rezultatelor dorite, \u00een elaborarea planului de ac\u021biune, \u00een dep\u0103\u0219irea provoc\u0103rilor \u0219i \u00een dezvoltarea abilit\u0103\u021bilor de comportament necesare atingerii obiectivului. Procesul extinde cunoa\u0219terea de sine, ajut\u00e2nd la identificarea atuurilor \/ talentelor \u0219i punctelor pentru a se dezvolta, valori, viziune, misiune, dezvolt\u0103 \u00eencrederea \u00een sine, percep\u021bia noilor posibilit\u0103\u021bi, revizuirea credin\u021belor limitante, stimuleaz\u0103 schimb\u0103rile comportamentale eficiente, maturizarea psiho-emo\u021bional\u0103, inteligen\u021ba emo\u021bional\u0103, \u00eembun\u0103t\u0103\u021birea performan\u021bei, rela\u021biilor, asertivitatea, proactivitatea, evolu\u021bia continu\u0103, \u00eembun\u0103t\u0103\u021birea calit\u0103\u021bii vie\u021bii \u0219i ob\u021binerea de rezultate. <\/p>\n\n\n\n<p>Coach-ul este focusat pe proces, fiind cel care \u00eendrum\u0103 clientul pentru:<br>\u2022 a con\u0219tientiza starea actual\u0103<br>\u2022 a g\u0103si op\u021biunile \u0219i alternativele pentru schimbare<br>\u2022 a persevera \u0219i persista \u00een procesul de schimbare<br>iar, coachee-ul este cel care \u201efurnizeaz\u0103 con\u021binutul\u201d procesului de coaching.<\/p>\n\n\n\n<p>Coaching-ul personal poate fi aplicat \u00een diferite domenii ale vie\u021bii \u0219i are denumiri specifice, precum: <\/p>\n\n\n\n<p>&#8211; Coaching de rela\u021bie (profesional, de cuplu); <\/p>\n\n\n\n<p>&#8211; Coaching de inteligen\u021b\u0103 emo\u021bional\u0103;<\/p>\n\n\n\n<p>&#8211; Coaching de comunicare;<\/p>\n\n\n\n<p>&#8211; Antrenament \u00een echilibru \u0219i wellness; <\/p>\n\n\n\n<p>&#8211; Coaching pentru \u00eembun\u0103t\u0103\u021birea calit\u0103\u021bii vie\u021bii; <\/p>\n\n\n\n<p>&#8211; Antrenament pentru pierderea \u00een greutate.<\/p>\n","protected":false},"excerpt":{"rendered":"<p>Coachingul personal este un proces de dezvoltare uman\u0103 personalizat care are ca scop atingerea obiectivelor individuale specifice de via\u021b\u0103 ale &hellip;<br \/><a href=\"https:\/\/vincentiuantonescu.ro\/index.php\/consiliere-personala\/\" class=\"more-link pen_button pen_element_default pen_icon_arrow_double\">Continu\u0103 lectura <span class=\"screen-reader-text\">Coaching<\/span><\/a><\/p>\n","protected":false},"author":1,"featured_media":383,"parent":0,"menu_order":0,"comment_status":"closed","ping_status":"closed","template":"","meta":{"_bbp_topic_count":0,"_bbp_reply_count":0,"_bbp_total_topic_count":0,"_bbp_total_reply_count":0,"_bbp_voice_count":0,"_bbp_anonymous_reply_count":0,"_bbp_topic_count_hidden":0,"_bbp_reply_count_hidden":0,"_bbp_forum_subforum_count":0,"footnotes":""},"class_list":["post-61","page","type-page","status-publish","has-post-thumbnail","hentry"],"_links":{"self":[{"href":"https:\/\/vincentiuantonescu.ro\/index.php\/wp-json\/wp\/v2\/pages\/61","targetHints":{"allow":["GET"]}}],"collection":[{"href":"https:\/\/vincentiuantonescu.ro\/index.php\/wp-json\/wp\/v2\/pages"}],"about":[{"href":"https:\/\/vincentiuantonescu.ro\/index.php\/wp-json\/wp\/v2\/types\/page"}],"author":[{"embeddable":true,"href":"https:\/\/vincentiuantonescu.ro\/index.php\/wp-json\/wp\/v2\/users\/1"}],"replies":[{"embeddable":true,"href":"https:\/\/vincentiuantonescu.ro\/index.php\/wp-json\/wp\/v2\/comments?post=61"}],"version-history":[{"count":12,"href":"https:\/\/vincentiuantonescu.ro\/index.php\/wp-json\/wp\/v2\/pages\/61\/revisions"}],"predecessor-version":[{"id":816,"href":"https:\/\/vincentiuantonescu.ro\/index.php\/wp-json\/wp\/v2\/pages\/61\/revisions\/816"}],"wp:featuredmedia":[{"embeddable":true,"href":"https:\/\/vincentiuantonescu.ro\/index.php\/wp-json\/wp\/v2\/media\/383"}],"wp:attachment":[{"href":"https:\/\/vincentiuantonescu.ro\/index.php\/wp-json\/wp\/v2\/media?parent=61"}],"curies":[{"name":"wp","href":"https:\/\/api.w.org\/{rel}","templated":true}]}}