{"id":33,"date":"2020-06-30T17:20:49","date_gmt":"2020-06-30T17:20:49","guid":{"rendered":"https:\/\/www.vincentiuantonescu.ro\/?page_id=33"},"modified":"2021-07-01T05:47:21","modified_gmt":"2021-07-01T05:47:21","slug":"despre-mine","status":"publish","type":"page","link":"https:\/\/vincentiuantonescu.ro\/","title":{"rendered":"Despre mine"},"content":{"rendered":"\n<div class=\"wp-block-group\"><div class=\"wp-block-group__inner-container is-layout-flow wp-block-group-is-layout-flow\">\n<div class=\"wp-block-image is-style-default\"><figure class=\"alignleft is-resized\"><img decoding=\"async\" src=\"https:\/\/vincentiuantonescu.ro\/wp-content\/uploads\/2020\/07\/93665924_121574139499665_3592101614611070976_n.jpg\" alt=\"\" class=\"wp-image-317\" width=\"150\" height=\"151\" srcset=\"https:\/\/vincentiuantonescu.ro\/wp-content\/uploads\/2020\/07\/93665924_121574139499665_3592101614611070976_n.jpg 774w, https:\/\/vincentiuantonescu.ro\/wp-content\/uploads\/2020\/07\/93665924_121574139499665_3592101614611070976_n-298x300.jpg 298w, https:\/\/vincentiuantonescu.ro\/wp-content\/uploads\/2020\/07\/93665924_121574139499665_3592101614611070976_n-150x150.jpg 150w, https:\/\/vincentiuantonescu.ro\/wp-content\/uploads\/2020\/07\/93665924_121574139499665_3592101614611070976_n-768x772.jpg 768w, https:\/\/vincentiuantonescu.ro\/wp-content\/uploads\/2020\/07\/93665924_121574139499665_3592101614611070976_n-75x75.jpg 75w, https:\/\/vincentiuantonescu.ro\/wp-content\/uploads\/2020\/07\/93665924_121574139499665_3592101614611070976_n-225x225.jpg 225w\" sizes=\"(max-width: 150px) 100vw, 150px\" \/><\/figure><\/div>\n\n\n\n<p class=\"has-text-align-left\">Descoper\u0103 ce este cu adev\u0103rat valoros pentru tine ! Cunoa\u0219terea de sine, te ajut s\u0103 te cuno\u0219ti, s\u0103 g\u0103se\u0219ti \u0219i s\u0103 planifici !  Iar de tine va conta sa ob\u021bii ceea ce i\u021bi dore\u0219ti ! Eu&nbsp;te voi ajuta s\u0103 dep\u0103\u0219e\u0219ti obstacolele care p\u0103reau s\u0103 te \u021bin\u0103 pe loc at\u00e2t \u00een via\u021b\u0103 c\u00e2t \u0219i \u00een carier\u0103.&nbsp;Via\u021ba este prea scurt\u0103 pentru a fi nefericit, nesigur sau ne\u00eemplinit.&nbsp;&nbsp;Las\u0103-m\u0103 s\u0103 te ajut s\u0103 \u00eenve\u021bi&nbsp;\u0219i s\u0103 dezvol\u021bi tehnici mai bune pentru a gestiona situa\u021biile care stau \u00een calea obiectivelor tale. \u00cen calitate de consilier pentru dezvoltare personal\u0103, voca\u021bional\u0103, profesional\u0103 sau pentru dezvoltarea afacerii, consider c\u0103 individualitatea unic\u0103 a fiec\u0103rei persoane, motiva\u021biile,aspira\u021biile,credin\u021bele,valorile,viziunea \u0219i misiunea lor, sunt identificate \u00een acest proces de evolu\u021bie.<\/p>\n<\/div><\/div>\n\n\n\n<p>Cu ce te voi ajuta \u00een procesul de coaching?  \u00ce\u021bi voi facilita \u0219i te voi ghida pe plan personal, profesional sau \u00een dezvoltarea afacerii pe care o administrezi \u0219i \u00eempreun\u0103 cu tine vom descoperi adev\u0103ratele tale valori \u0219i vom c\u0103l\u0103tori pe drumul c\u0103tre succesul t\u0103u.<\/p>\n\n\n\n<p>Am aflat de NLP \u00een 2013, c\u00e2nd mi-am cump\u0103rat prima carte. Dup\u0103 aceea, NIMIC. Timpul a trecut. Iar in luna octombrie 2019, am \u00eenceput cursul de NLP Practitioner. Tocmai treceam printr-o perioad\u0103 de mari schimb\u0103ri personale \u0219i profesionale. Nimic din ceea ce \u0219tiam nu se mai potrivea cu ceea ce se \u00eent\u00e2mpla \u00een jurul meu. Am \u00eenceput s\u0103 caut ceva care s\u0103 m\u0103 ajute s\u0103 trec peste situa\u021biile pe care le traversam. \u00a0A\u0219a am \u00eenceput cursul de NLP Practitioner. Acolo am  aflat ceva nou pentru mine. Am aflat c\u0103 pot s\u0103 \u00een\u021beleg ce se \u00eent\u00e2mpl\u0103 \u00een mintea mea \u0219i mai ales cum pot s\u0103 lucrez cu subcon\u0219tientul meu, \u00een a\u0219a fel \u00eenc\u00e2t s\u0103 pot face schimb\u0103rile pe care mi le doream. Dup\u0103 aceea am continuat s\u0103 dezvolt ceea ce \u00eenv\u0103\u021basem continu\u0103nd programul de NLP Master. Acum pot spune c\u0103 totul este altfel, nimic \u0219i nimeni nu mai este ca \u00eenainte.<\/p>\n\n\n\n<p>Am absolvit U.P.B., Facultatea de Inginerie Industrial\u0103 \u0219i Robotic\u0103 (fosta T.C.M.) \u00een 1994, dup\u0103 care am urmat cursuri de specializare \u00een I.T., Managementul Proiectelor, Anteprenoriat, Formator, Consiliere pentru dezvoltare personal\u0103 \u0219i Consiliere voca\u021bional\u0103, certificare NLP&nbsp;Practioner&nbsp;AproNLPi.<\/p>\n\n\n\n<ul class=\"wp-block-list\"><li>Formator certificat ANC<\/li><li>Manager proiect certificat ANC<\/li><li>Consilier pentru dezvoltare personal\u0103 certificat ANC<\/li><li>Consilier voca\u021bional certificat ANC<\/li><li>Specialist \u00een activitatea de Coaching certificat ANC<\/li><li>Experien\u021b\u0103 \u00een evaluarea personalului<\/li><li>Experien\u021b\u0103 \u00een industriile: Educa\u021bie, IT, Servicii din diverse organiza\u021bii<\/li><\/ul>\n\n\n\n<p>Care sunt cele mai des \u00eent\u00e2lnite motive ale clien\u021bilor pentru life coaching: atingerea obiectivelor, fericirea, g\u0103sirea unui scop \u00een via\u021b\u0103, cariera, \u00eencrederea, rela\u021biile \/ dragostea, nutri\u021bia, sportul.<\/p>\n\n\n\n<p>Coachingul implic\u0103 explorarea, facilitarea, parteneriatul, \u00eembun\u0103t\u0103\u021birea pe termen lung \u0219i multe rezultate posibile. <\/p>\n","protected":false},"excerpt":{"rendered":"<p>Descoper\u0103 ce este cu adev\u0103rat valoros pentru tine ! Cunoa\u0219terea de sine, te ajut s\u0103 te cuno\u0219ti, s\u0103 g\u0103se\u0219ti \u0219i &hellip;<br \/><a href=\"https:\/\/vincentiuantonescu.ro\/\" class=\"more-link pen_button pen_element_default pen_icon_arrow_double\">Continu\u0103 lectura <span class=\"screen-reader-text\">Despre mine<\/span><\/a><\/p>\n","protected":false},"author":1,"featured_media":0,"parent":0,"menu_order":0,"comment_status":"closed","ping_status":"closed","template":"","meta":{"_bbp_topic_count":0,"_bbp_reply_count":0,"_bbp_total_topic_count":0,"_bbp_total_reply_count":0,"_bbp_voice_count":0,"_bbp_anonymous_reply_count":0,"_bbp_topic_count_hidden":0,"_bbp_reply_count_hidden":0,"_bbp_forum_subforum_count":0,"footnotes":""},"class_list":["post-33","page","type-page","status-publish","hentry"],"_links":{"self":[{"href":"https:\/\/vincentiuantonescu.ro\/index.php\/wp-json\/wp\/v2\/pages\/33","targetHints":{"allow":["GET"]}}],"collection":[{"href":"https:\/\/vincentiuantonescu.ro\/index.php\/wp-json\/wp\/v2\/pages"}],"about":[{"href":"https:\/\/vincentiuantonescu.ro\/index.php\/wp-json\/wp\/v2\/types\/page"}],"author":[{"embeddable":true,"href":"https:\/\/vincentiuantonescu.ro\/index.php\/wp-json\/wp\/v2\/users\/1"}],"replies":[{"embeddable":true,"href":"https:\/\/vincentiuantonescu.ro\/index.php\/wp-json\/wp\/v2\/comments?post=33"}],"version-history":[{"count":26,"href":"https:\/\/vincentiuantonescu.ro\/index.php\/wp-json\/wp\/v2\/pages\/33\/revisions"}],"predecessor-version":[{"id":969,"href":"https:\/\/vincentiuantonescu.ro\/index.php\/wp-json\/wp\/v2\/pages\/33\/revisions\/969"}],"wp:attachment":[{"href":"https:\/\/vincentiuantonescu.ro\/index.php\/wp-json\/wp\/v2\/media?parent=33"}],"curies":[{"name":"wp","href":"https:\/\/api.w.org\/{rel}","templated":true}]}}