{"id":26,"date":"2020-06-30T17:12:25","date_gmt":"2020-06-30T17:12:25","guid":{"rendered":"https:\/\/www.vincentiuantonescu.ro\/?page_id=26"},"modified":"2023-02-17T13:29:35","modified_gmt":"2023-02-17T13:29:35","slug":"contact","status":"publish","type":"page","link":"https:\/\/vincentiuantonescu.ro\/index.php\/contact\/","title":{"rendered":"Contact"},"content":{"rendered":"\n<p><\/p>\n\n\n\n<p>\u00cen baza&nbsp;<strong>REGULAMENTULUI (UE) 2016\/679<\/strong>&nbsp;privind protec\u021bia persoanelor fizice \u00een ceea ce prive\u0219te prelucrarea datelor cu caracter personal \u015fi privind libera circula\u021bie a acestor date \u0219i de abrogare a Directivei 95\/46\/CE (Regulamentul general privind protec\u021bia datelor),&nbsp;<strong>AVIDAN TRAINING &amp; CONSULTING SRL<\/strong>&nbsp;\u00ee\u015fi asum\u0103 obliga\u0163ia de a administra \u00een condi\u0163ii de siguran\u0163\u0103 \u015fi numai pentru scopurile specificate, datele personale furnizate de Client despre el \u00eensu\u015fi ori o alt\u0103 persoan\u0103. Rolul prezentului acord este de a v\u0103 explica modul \u00een care datele personale ale clientului sunt prelucrate, scopul \u00een care sunt utilizate \u015fi drepturile pe care le are Clientul ale c\u0103rui date personale sunt prelucrate.<\/p>\n\n\n\n<p><strong><u>SCOPUL PRELUCR\u0102RII DATELOR PERSONALE<\/u><\/strong><\/p>\n\n\n\n<p>Prelucr\u0103m datele tale personale pe baza unor interese care sunt:&nbsp;&nbsp;legitime, legale,&nbsp;&nbsp;reale, transparente&nbsp; \u0219i&nbsp;prezente.<\/p>\n\n\n\n<p><strong><u>TEMEIUL LEGAL PENTRU PRELUCRAREA DATELOR PERSONALE<\/u><\/strong><\/p>\n\n\n\n<ol class=\"wp-block-list\">\n<li>Atunci c\u00e2nd faci o \u00eenscriere, noi colect\u0103m:&nbsp;<strong>nume, prenume, adresa de email, numarul de telefon&nbsp;<\/strong>pentru transmiterea de informatii privind organizarea cursurilor, gestionarea \u0219i emiterea documentelor privind participarea, absolvirea cursurilor \u0219i emiterea certificatului de absolvire \/ participare.<\/li>\n\n\n\n<li>Atunci c\u00e2nd faci o \u00eenscriere, noi colect\u0103m&nbsp;<strong>adresa de domiciliu<\/strong>&nbsp;\u0219i\/sau&nbsp;<strong>datele de facturare&nbsp;<\/strong>numai \u00een scopul respect\u0103rii prevederilor legale privind emiterea facturilor proforme \u0219i fiscale.<\/li>\n<\/ol>\n\n\n\n<p><strong><u>SIGURAN\u021aA DATELOR PERSOANLE<\/u><\/strong><\/p>\n\n\n\n<p>P\u0103str\u0103m \u00een siguran\u021b\u0103 datele tale personale, cu m\u0103suri tehnice corespunz\u0103toare, cu m\u0103suri organizatorice adecvate, cu un nivel adecvat de securitate, \u00eempotriva prelucr\u0103rii neautorizate, \u00eempotriva prelucr\u0103rii ilegale, \u00eempotriva pierderii accidentale sau ilegale, \u00eempotriva distrugerii accidentale sau ilegale, \u00eempotriva daunelor accidentale sau ilegale. Dac\u0103 ai motive s\u0103 crezi c\u0103 orice date personale pe care le de\u021binem despre tine sunt incorecte sau incomplete, ai dreptul s\u0103 solici\u021bi s\u0103 vezi aceste informa\u021bii, s\u0103 le rectifici sau s\u0103 ceri s\u0103 fie \u0219terse, s\u0103 solici\u021bi restric\u021bionarea prelucr\u0103rii sau s\u0103 te opui prelucr\u0103rii \u0219i de asemenea ai dreptul la portabilitatea datelor. Pentru exercitarea acestor drepturi te rug\u0103m s\u0103 ne contacta\u021bi la adresa de email&nbsp;<a href=\"mailto:gdpr@vincentiuantonescu.ro\">gdpr@vincentiuantonescu.ro<\/a><\/p>\n\n\n\n<p><\/p>\n\n\n\n<p>Prin&nbsp;<strong>bifarea casu\u021bei<\/strong>, Clientul declar\u0103 c\u0103 a fost informat cu privire la procesarea datelor cu caracter personal de c\u0103tre&nbsp;<strong><strong>AVIDAN TRAINING &amp; CONSULTING S.R.L.<\/strong><\/strong>, c\u0103 a \u00een\u0163eles con\u0163inutul s\u0103u \u0219i c\u0103 \u015fi-a exprimat liber consim\u0163\u0103m\u00e2ntul \u00een scopul prelucr\u0103rii datelor personale.<\/p>\n\n\n\n<p>O sesiune de coaching 1 la 1 poate avea loc:<\/p>\n\n\n\n<ol class=\"wp-block-list\">\n<li>Apel video pe Zoom\/ Skype (50 min. \/ sedin\u021b\u0103)<\/li>\n\n\n\n<li>Pe chat-ul Facebook\/ WhatsApp (50-75% eficien\u021ba fa\u021b\u0103 de o \u00eent\u00e2lnire fa\u021b\u0103 \u00een fa\u021b\u0103, ideal pentru persoanele ocupate care au nevoie de solu\u021bii rapid) \u2013 Min. 1 \u0219edin\u021b\u0103 de 50 min.<\/li>\n<\/ol>\n\n\n\n<p><\/p>\n","protected":false},"excerpt":{"rendered":"<p>\u00cen baza&nbsp;REGULAMENTULUI (UE) 2016\/679&nbsp;privind protec\u021bia persoanelor fizice \u00een ceea ce prive\u0219te prelucrarea datelor cu caracter personal \u015fi privind libera circula\u021bie &hellip;<br \/><a href=\"https:\/\/vincentiuantonescu.ro\/index.php\/contact\/\" class=\"more-link pen_button pen_element_default pen_icon_arrow_double\">Continu\u0103 lectura <span class=\"screen-reader-text\">Contact<\/span><\/a><\/p>\n","protected":false},"author":1,"featured_media":0,"parent":0,"menu_order":0,"comment_status":"closed","ping_status":"closed","template":"","meta":{"_bbp_topic_count":0,"_bbp_reply_count":0,"_bbp_total_topic_count":0,"_bbp_total_reply_count":0,"_bbp_voice_count":0,"_bbp_anonymous_reply_count":0,"_bbp_topic_count_hidden":0,"_bbp_reply_count_hidden":0,"_bbp_forum_subforum_count":0,"footnotes":""},"class_list":["post-26","page","type-page","status-publish","hentry"],"_links":{"self":[{"href":"https:\/\/vincentiuantonescu.ro\/index.php\/wp-json\/wp\/v2\/pages\/26","targetHints":{"allow":["GET"]}}],"collection":[{"href":"https:\/\/vincentiuantonescu.ro\/index.php\/wp-json\/wp\/v2\/pages"}],"about":[{"href":"https:\/\/vincentiuantonescu.ro\/index.php\/wp-json\/wp\/v2\/types\/page"}],"author":[{"embeddable":true,"href":"https:\/\/vincentiuantonescu.ro\/index.php\/wp-json\/wp\/v2\/users\/1"}],"replies":[{"embeddable":true,"href":"https:\/\/vincentiuantonescu.ro\/index.php\/wp-json\/wp\/v2\/comments?post=26"}],"version-history":[{"count":22,"href":"https:\/\/vincentiuantonescu.ro\/index.php\/wp-json\/wp\/v2\/pages\/26\/revisions"}],"predecessor-version":[{"id":1074,"href":"https:\/\/vincentiuantonescu.ro\/index.php\/wp-json\/wp\/v2\/pages\/26\/revisions\/1074"}],"wp:attachment":[{"href":"https:\/\/vincentiuantonescu.ro\/index.php\/wp-json\/wp\/v2\/media?parent=26"}],"curies":[{"name":"wp","href":"https:\/\/api.w.org\/{rel}","templated":true}]}}