{"id":148,"date":"2020-07-01T13:35:44","date_gmt":"2020-07-01T13:35:44","guid":{"rendered":"https:\/\/www.vincentiuantonescu.ro\/?page_id=148"},"modified":"2023-02-27T17:18:33","modified_gmt":"2023-02-27T17:18:33","slug":"cursuri","status":"publish","type":"page","link":"https:\/\/vincentiuantonescu.ro\/index.php\/cursuri\/","title":{"rendered":"Cursuri"},"content":{"rendered":"\n<div class=\"wp-block-image\"><figure class=\"aligncenter size-large is-resized\"><img decoding=\"async\" src=\"https:\/\/www.vincentiuantonescu.ro\/wp-content\/uploads\/2020\/07\/adult-education-2706977_1920-1024x455.jpg\" alt=\"\" class=\"wp-image-152\" width=\"424\" height=\"188\" \/><\/figure><\/div>\n\n\n\n<p>Toate c<strong>ursulile se desfasoara pe platforma ZOOM in intervalul 17.00-19.00\/ 19.30<\/strong><\/p>\n\n\n\n<p>\u00cen aceast\u0103 perioad\u0103 cursurile se \u021bin online \u0219i este nevoie s\u0103 ave\u021bi conexiune la internet bun\u0103 \u0219i un calculator sau laptop pentru a participa la curs.<\/p>\n\n\n\n<p>Pentru ca ne preocupam de ceea se se intampla in aceasta perioada, venim in intampinarea nevoilor tale de dezoltarare personala continua prin organizarea <strong>cursurilor,\u00a0<\/strong>astfel fructificand perioada de izolare.<\/p>\n\n\n\n<p>Ce presupune acest lucru ?<\/p>\n\n\n\n<p>curs transmis&nbsp;<strong>live<\/strong><\/p>\n\n\n\n<p><strong>intrebari directe<\/strong>&nbsp;trainerului<\/p>\n\n\n\n<p>veti putea comunica cu toti ceilalti participant la&nbsp;<strong>curs live<\/strong><\/p>\n\n\n\n<p><strong>feedback&nbsp;<\/strong>continuu<\/p>\n\n\n\n<p><strong>suportul de curs<\/strong>&nbsp;electronic<\/p>\n<div class=\"learnpress\"><div class=\"learn-press-message error\">Acest scurt-cod LP Profil se folose\u0219te numai \u00een pagina <a href=\"https:\/\/vincentiuantonescu.ro\/wp-admin\/admin.php?page=learn-press-settings\"><strong>Profil<\/strong><\/a><\/div><\/div>\n","protected":false},"excerpt":{"rendered":"<p>Toate cursulile se desfasoara pe platforma ZOOM in intervalul 17.00-19.00\/ 19.30 \u00cen aceast\u0103 perioad\u0103 cursurile se \u021bin online \u0219i este &hellip;<br \/><a href=\"https:\/\/vincentiuantonescu.ro\/index.php\/cursuri\/\" class=\"more-link pen_button pen_element_default pen_icon_arrow_double\">Continu\u0103 lectura <span class=\"screen-reader-text\">Cursuri<\/span><\/a><\/p>\n","protected":false},"author":1,"featured_media":0,"parent":0,"menu_order":0,"comment_status":"closed","ping_status":"closed","template":"","meta":{"_bbp_topic_count":0,"_bbp_reply_count":0,"_bbp_total_topic_count":0,"_bbp_total_reply_count":0,"_bbp_voice_count":0,"_bbp_anonymous_reply_count":0,"_bbp_topic_count_hidden":0,"_bbp_reply_count_hidden":0,"_bbp_forum_subforum_count":0,"footnotes":""},"class_list":["post-148","page","type-page","status-publish","hentry"],"_links":{"self":[{"href":"https:\/\/vincentiuantonescu.ro\/index.php\/wp-json\/wp\/v2\/pages\/148","targetHints":{"allow":["GET"]}}],"collection":[{"href":"https:\/\/vincentiuantonescu.ro\/index.php\/wp-json\/wp\/v2\/pages"}],"about":[{"href":"https:\/\/vincentiuantonescu.ro\/index.php\/wp-json\/wp\/v2\/types\/page"}],"author":[{"embeddable":true,"href":"https:\/\/vincentiuantonescu.ro\/index.php\/wp-json\/wp\/v2\/users\/1"}],"replies":[{"embeddable":true,"href":"https:\/\/vincentiuantonescu.ro\/index.php\/wp-json\/wp\/v2\/comments?post=148"}],"version-history":[{"count":5,"href":"https:\/\/vincentiuantonescu.ro\/index.php\/wp-json\/wp\/v2\/pages\/148\/revisions"}],"predecessor-version":[{"id":973,"href":"https:\/\/vincentiuantonescu.ro\/index.php\/wp-json\/wp\/v2\/pages\/148\/revisions\/973"}],"wp:attachment":[{"href":"https:\/\/vincentiuantonescu.ro\/index.php\/wp-json\/wp\/v2\/media?parent=148"}],"curies":[{"name":"wp","href":"https:\/\/api.w.org\/{rel}","templated":true}]}}