{"id":1146,"date":"2023-04-11T08:08:34","date_gmt":"2023-04-11T08:08:34","guid":{"rendered":"https:\/\/vincentiuantonescu.ro\/?page_id=1146"},"modified":"2023-04-12T10:59:48","modified_gmt":"2023-04-12T10:59:48","slug":"impact-si-rezultate-prin-comunicare","status":"publish","type":"page","link":"https:\/\/vincentiuantonescu.ro\/index.php\/impact-si-rezultate-prin-comunicare\/","title":{"rendered":"Impact si Rezultate prin Comunicare"},"content":{"rendered":"\n<p class=\"has-medium-font-size\"><strong>Obiectivele cursului<\/strong><\/p>\n\n\n\n<ul class=\"wp-block-list\">\n<li>S\u0103 diminu\u0103m problemele cauzate de comunicarea gre\u015fit\u0103<\/li>\n\n\n\n<li>S\u0103 atenu\u0103m situa\u0163iile conflictuale datorate comunic\u0103rii<\/li>\n\n\n\n<li>S\u0103 \u00eembun\u0103t\u0103\u0163im rela\u0163ionarea \u00eentre angaja\u0163ii companiei<\/li>\n\n\n\n<li>S\u0103 transmitem elementele de cultur\u0103 organiza\u0163ional\u0103<\/li>\n\n\n\n<li>S\u0103 \u00eenlesnim punerea \u00een practic\u0103 a diferitelor elemente care creeaz\u0103 aceast\u0103 cultur\u0103<\/li>\n<\/ul>\n\n\n\n<p><\/p>\n\n\n\n<p class=\"has-medium-font-size\"><strong>Beneficii pentru participan\u0163i<\/strong><\/p>\n\n\n\n<ul class=\"wp-block-list\">\n<li>Con\u015ftientizarea problemelor care pot ap\u0103rea din cauza comunic\u0103rii<\/li>\n\n\n\n<li>\u00cen\u0163elegerea \u015fi diminuarea barierelor \u00een comunicare<\/li>\n\n\n\n<li>Eficientizarea comunic\u0103rii<\/li>\n\n\n\n<li>Dob\u00e2ndirea abilit\u0103\u0163ilor de transmitere a mesajului<\/li>\n\n\n\n<li>Dob\u00e2ndirea abilit\u0103\u0163ilor de extragere a mesajului real<\/li>\n\n\n\n<li>M\u0103rirea \u015fanselor ca mesajul transmis s\u0103 fie re\u0163inut<\/li>\n\n\n\n<li>Dezvoltarea imaginii individuale<\/li>\n<\/ul>\n\n\n\n<p class=\"has-medium-font-size\"><strong>Agenda cursului<\/strong><\/p>\n\n\n\n<ul class=\"wp-block-list\">\n<li>Definirea comunic\u0103rii \u015fi obiective \u00een comunicare<\/li>\n\n\n\n<li>Procesul comunic\u0103rii ; Bariere \u00een comunicare<\/li>\n\n\n\n<li>Tehnici de comunicare verbal\u0103<\/li>\n\n\n\n<li>Structurarea comunic\u0103rii inter-departamentale<\/li>\n\n\n\n<li>Tehnici de comunicare non-verbal\u0103 \u015fi para-verbal\u0103<\/li>\n<\/ul>\n\n\n\n<p class=\"has-text-align-center has-medium-font-size\">Organizarea programului este condi\u0163ionat\u0103 de \u00eenscrierea unui num\u0103r de minimum 10 persoane, data limit\u0103 de \u00eenscriere fiind cu cel pu\u0163in 5 (cinci) zile \u00eenainte de \u00eenceperea acestuia. <\/p>\n\n\n\n<p class=\"has-text-align-center has-medium-font-size\">\u00censcrierile se fac \u00een ordinea achitarii taxei \u015fi \u00een limita locurilor disponibile.<\/p>\n","protected":false},"excerpt":{"rendered":"<p>Obiectivele cursului Beneficii pentru participan\u0163i Agenda cursului Organizarea programului este condi\u0163ionat\u0103 de \u00eenscrierea unui num\u0103r de minimum 10 persoane, data &hellip;<br \/><a href=\"https:\/\/vincentiuantonescu.ro\/index.php\/impact-si-rezultate-prin-comunicare\/\" class=\"more-link pen_button pen_element_default pen_icon_arrow_double\">Continu\u0103 lectura <span class=\"screen-reader-text\">Impact si Rezultate prin Comunicare<\/span><\/a><\/p>\n","protected":false},"author":1,"featured_media":0,"parent":0,"menu_order":0,"comment_status":"closed","ping_status":"closed","template":"","meta":{"_bbp_topic_count":0,"_bbp_reply_count":0,"_bbp_total_topic_count":0,"_bbp_total_reply_count":0,"_bbp_voice_count":0,"_bbp_anonymous_reply_count":0,"_bbp_topic_count_hidden":0,"_bbp_reply_count_hidden":0,"_bbp_forum_subforum_count":0,"footnotes":""},"class_list":["post-1146","page","type-page","status-publish","hentry"],"_links":{"self":[{"href":"https:\/\/vincentiuantonescu.ro\/index.php\/wp-json\/wp\/v2\/pages\/1146","targetHints":{"allow":["GET"]}}],"collection":[{"href":"https:\/\/vincentiuantonescu.ro\/index.php\/wp-json\/wp\/v2\/pages"}],"about":[{"href":"https:\/\/vincentiuantonescu.ro\/index.php\/wp-json\/wp\/v2\/types\/page"}],"author":[{"embeddable":true,"href":"https:\/\/vincentiuantonescu.ro\/index.php\/wp-json\/wp\/v2\/users\/1"}],"replies":[{"embeddable":true,"href":"https:\/\/vincentiuantonescu.ro\/index.php\/wp-json\/wp\/v2\/comments?post=1146"}],"version-history":[{"count":8,"href":"https:\/\/vincentiuantonescu.ro\/index.php\/wp-json\/wp\/v2\/pages\/1146\/revisions"}],"predecessor-version":[{"id":1173,"href":"https:\/\/vincentiuantonescu.ro\/index.php\/wp-json\/wp\/v2\/pages\/1146\/revisions\/1173"}],"wp:attachment":[{"href":"https:\/\/vincentiuantonescu.ro\/index.php\/wp-json\/wp\/v2\/media?parent=1146"}],"curies":[{"name":"wp","href":"https:\/\/api.w.org\/{rel}","templated":true}]}}